{"id":3307,"date":"2024-10-28T13:59:59","date_gmt":"2024-10-28T13:59:59","guid":{"rendered":"https:\/\/dev.touristguideofflorence.com\/introduction\/"},"modified":"2024-12-21T12:36:17","modified_gmt":"2024-12-21T12:36:17","slug":"introduction","status":"publish","type":"page","link":"https:\/\/touristguideofflorence.com\/fr\/introduction\/","title":{"rendered":"Qui suis-je"},"content":{"rendered":"","protected":false},"excerpt":{"rendered":"","protected":false},"author":1,"featured_media":2257,"parent":0,"menu_order":10,"comment_status":"closed","ping_status":"closed","template":"","meta":{"_acf_changed":false,"footnotes":""},"categories":[],"tags":[],"class_list":["post-3307","page","type-page","status-publish","has-post-thumbnail","hentry"],"acf":[],"yoast_head":"<!-- This site is optimized with the Yoast SEO Premium plugin v23.6 (Yoast SEO v24.1) - https:\/\/yoast.com\/wordpress\/plugins\/seo\/ -->\n<title>Visites guid\u00e9es \u00e0 Florence avec une guide conferenciere professionelle<\/title>\n<meta name=\"description\" content=\"Je m&#039;appelle Gianna Giovannetti et je suis guide conf\u00e9renci\u00e8re francophone et historienne de l&#039;Art \u00e0 Florence. Visites guid\u00e9es sur mesure, en familles, avec les amis.\" \/>\n<meta name=\"robots\" content=\"index, follow, max-snippet:-1, max-image-preview:large, max-video-preview:-1\" \/>\n<link rel=\"canonical\" href=\"https:\/\/touristguideofflorence.com\/fr\/introduction\/\" \/>\n<meta property=\"og:locale\" content=\"fr_FR\" \/>\n<meta property=\"og:type\" content=\"article\" \/>\n<meta property=\"og:title\" content=\"Qui suis-je\" \/>\n<meta property=\"og:description\" content=\"Je m&#039;appelle Gianna Giovannetti et je suis guide conf\u00e9renci\u00e8re francophone et historienne de l&#039;Art \u00e0 Florence. Visites guid\u00e9es sur mesure, en familles, avec les amis.\" \/>\n<meta property=\"og:url\" content=\"https:\/\/touristguideofflorence.com\/fr\/introduction\/\" \/>\n<meta property=\"og:site_name\" content=\"Gianna Giovannetti\" \/>\n<meta property=\"article:modified_time\" content=\"2024-12-21T12:36:17+00:00\" \/>\n<meta property=\"og:image\" content=\"https:\/\/touristguideofflorence.com\/wp-content\/uploads\/chi-sono\/slide-6.jpg\" \/>\n\t<meta property=\"og:image:width\" content=\"2000\" \/>\n\t<meta property=\"og:image:height\" content=\"660\" \/>\n\t<meta property=\"og:image:type\" content=\"image\/jpeg\" \/>\n<meta name=\"twitter:card\" content=\"summary_large_image\" \/>\n<meta name=\"twitter:label1\" content=\"Dur\u00e9e de lecture estim\u00e9e\" \/>\n\t<meta name=\"twitter:data1\" content=\"2 minutes\" \/>\n<script type=\"application\/ld+json\" class=\"yoast-schema-graph\">{\"@context\":\"https:\/\/schema.org\",\"@graph\":[{\"@type\":\"WebPage\",\"@id\":\"https:\/\/touristguideofflorence.com\/fr\/introduction\/\",\"url\":\"https:\/\/touristguideofflorence.com\/fr\/introduction\/\",\"name\":\"Visites guid\u00e9es \u00e0 Florence avec une guide conferenciere professionelle\",\"isPartOf\":{\"@id\":\"https:\/\/touristguideofflorence.com\/fr\/#website\"},\"primaryImageOfPage\":{\"@id\":\"https:\/\/touristguideofflorence.com\/fr\/introduction\/#primaryimage\"},\"image\":{\"@id\":\"https:\/\/touristguideofflorence.com\/fr\/introduction\/#primaryimage\"},\"thumbnailUrl\":\"https:\/\/touristguideofflorence.com\/wp-content\/uploads\/chi-sono\/slide-6.jpg\",\"datePublished\":\"2024-10-28T13:59:59+00:00\",\"dateModified\":\"2024-12-21T12:36:17+00:00\",\"description\":\"Je m'appelle Gianna Giovannetti et je suis guide conf\u00e9renci\u00e8re francophone et historienne de l'Art \u00e0 Florence. Visites guid\u00e9es sur mesure, en familles, avec les amis.\",\"breadcrumb\":{\"@id\":\"https:\/\/touristguideofflorence.com\/fr\/introduction\/#breadcrumb\"},\"inLanguage\":\"fr-FR\",\"potentialAction\":[{\"@type\":\"ReadAction\",\"target\":[\"https:\/\/touristguideofflorence.com\/fr\/introduction\/\"]}]},{\"@type\":\"ImageObject\",\"inLanguage\":\"fr-FR\",\"@id\":\"https:\/\/touristguideofflorence.com\/fr\/introduction\/#primaryimage\",\"url\":\"https:\/\/touristguideofflorence.com\/wp-content\/uploads\/chi-sono\/slide-6.jpg\",\"contentUrl\":\"https:\/\/touristguideofflorence.com\/wp-content\/uploads\/chi-sono\/slide-6.jpg\",\"width\":2000,\"height\":660},{\"@type\":\"BreadcrumbList\",\"@id\":\"https:\/\/touristguideofflorence.com\/fr\/introduction\/#breadcrumb\",\"itemListElement\":[{\"@type\":\"ListItem\",\"position\":1,\"name\":\"Home\",\"item\":\"https:\/\/touristguideofflorence.com\/fr\/\"},{\"@type\":\"ListItem\",\"position\":2,\"name\":\"Qui suis-je\"}]},{\"@type\":\"WebSite\",\"@id\":\"https:\/\/touristguideofflorence.com\/fr\/#website\",\"url\":\"https:\/\/touristguideofflorence.com\/fr\/\",\"name\":\"Gianna Giovannetti\",\"description\":\"\",\"publisher\":{\"@id\":\"https:\/\/touristguideofflorence.com\/fr\/#organization\"},\"potentialAction\":[{\"@type\":\"SearchAction\",\"target\":{\"@type\":\"EntryPoint\",\"urlTemplate\":\"https:\/\/touristguideofflorence.com\/fr\/?s={search_term_string}\"},\"query-input\":{\"@type\":\"PropertyValueSpecification\",\"valueRequired\":true,\"valueName\":\"search_term_string\"}}],\"inLanguage\":\"fr-FR\"},{\"@type\":\"Organization\",\"@id\":\"https:\/\/touristguideofflorence.com\/fr\/#organization\",\"name\":\"Gianna Giovannetti\",\"url\":\"https:\/\/touristguideofflorence.com\/fr\/\",\"logo\":{\"@type\":\"ImageObject\",\"inLanguage\":\"fr-FR\",\"@id\":\"https:\/\/touristguideofflorence.com\/fr\/#\/schema\/logo\/image\/\",\"url\":\"https:\/\/touristguideofflorence.com\/wp-content\/uploads\/logo\/logo.png\",\"contentUrl\":\"https:\/\/touristguideofflorence.com\/wp-content\/uploads\/logo\/logo.png\",\"width\":888,\"height\":151,\"caption\":\"Gianna Giovannetti\"},\"image\":{\"@id\":\"https:\/\/touristguideofflorence.com\/fr\/#\/schema\/logo\/image\/\"}}]}<\/script>\n<!-- \/ Yoast SEO Premium plugin. -->","yoast_head_json":{"title":"Visites guid\u00e9es \u00e0 Florence avec une guide conferenciere professionelle","description":"Je m'appelle Gianna Giovannetti et je suis guide conf\u00e9renci\u00e8re francophone et historienne de l'Art \u00e0 Florence. Visites guid\u00e9es sur mesure, en familles, avec les amis.","robots":{"index":"index","follow":"follow","max-snippet":"max-snippet:-1","max-image-preview":"max-image-preview:large","max-video-preview":"max-video-preview:-1"},"canonical":"https:\/\/touristguideofflorence.com\/fr\/introduction\/","og_locale":"fr_FR","og_type":"article","og_title":"Qui suis-je","og_description":"Je m'appelle Gianna Giovannetti et je suis guide conf\u00e9renci\u00e8re francophone et historienne de l'Art \u00e0 Florence. Visites guid\u00e9es sur mesure, en familles, avec les amis.","og_url":"https:\/\/touristguideofflorence.com\/fr\/introduction\/","og_site_name":"Gianna Giovannetti","article_modified_time":"2024-12-21T12:36:17+00:00","og_image":[{"width":2000,"height":660,"url":"https:\/\/touristguideofflorence.com\/wp-content\/uploads\/chi-sono\/slide-6.jpg","type":"image\/jpeg"}],"twitter_card":"summary_large_image","twitter_misc":{"Dur\u00e9e de lecture estim\u00e9e":"2 minutes"},"schema":{"@context":"https:\/\/schema.org","@graph":[{"@type":"WebPage","@id":"https:\/\/touristguideofflorence.com\/fr\/introduction\/","url":"https:\/\/touristguideofflorence.com\/fr\/introduction\/","name":"Visites guid\u00e9es \u00e0 Florence avec une guide conferenciere professionelle","isPartOf":{"@id":"https:\/\/touristguideofflorence.com\/fr\/#website"},"primaryImageOfPage":{"@id":"https:\/\/touristguideofflorence.com\/fr\/introduction\/#primaryimage"},"image":{"@id":"https:\/\/touristguideofflorence.com\/fr\/introduction\/#primaryimage"},"thumbnailUrl":"https:\/\/touristguideofflorence.com\/wp-content\/uploads\/chi-sono\/slide-6.jpg","datePublished":"2024-10-28T13:59:59+00:00","dateModified":"2024-12-21T12:36:17+00:00","description":"Je m'appelle Gianna Giovannetti et je suis guide conf\u00e9renci\u00e8re francophone et historienne de l'Art \u00e0 Florence. Visites guid\u00e9es sur mesure, en familles, avec les amis.","breadcrumb":{"@id":"https:\/\/touristguideofflorence.com\/fr\/introduction\/#breadcrumb"},"inLanguage":"fr-FR","potentialAction":[{"@type":"ReadAction","target":["https:\/\/touristguideofflorence.com\/fr\/introduction\/"]}]},{"@type":"ImageObject","inLanguage":"fr-FR","@id":"https:\/\/touristguideofflorence.com\/fr\/introduction\/#primaryimage","url":"https:\/\/touristguideofflorence.com\/wp-content\/uploads\/chi-sono\/slide-6.jpg","contentUrl":"https:\/\/touristguideofflorence.com\/wp-content\/uploads\/chi-sono\/slide-6.jpg","width":2000,"height":660},{"@type":"BreadcrumbList","@id":"https:\/\/touristguideofflorence.com\/fr\/introduction\/#breadcrumb","itemListElement":[{"@type":"ListItem","position":1,"name":"Home","item":"https:\/\/touristguideofflorence.com\/fr\/"},{"@type":"ListItem","position":2,"name":"Qui suis-je"}]},{"@type":"WebSite","@id":"https:\/\/touristguideofflorence.com\/fr\/#website","url":"https:\/\/touristguideofflorence.com\/fr\/","name":"Gianna Giovannetti","description":"","publisher":{"@id":"https:\/\/touristguideofflorence.com\/fr\/#organization"},"potentialAction":[{"@type":"SearchAction","target":{"@type":"EntryPoint","urlTemplate":"https:\/\/touristguideofflorence.com\/fr\/?s={search_term_string}"},"query-input":{"@type":"PropertyValueSpecification","valueRequired":true,"valueName":"search_term_string"}}],"inLanguage":"fr-FR"},{"@type":"Organization","@id":"https:\/\/touristguideofflorence.com\/fr\/#organization","name":"Gianna Giovannetti","url":"https:\/\/touristguideofflorence.com\/fr\/","logo":{"@type":"ImageObject","inLanguage":"fr-FR","@id":"https:\/\/touristguideofflorence.com\/fr\/#\/schema\/logo\/image\/","url":"https:\/\/touristguideofflorence.com\/wp-content\/uploads\/logo\/logo.png","contentUrl":"https:\/\/touristguideofflorence.com\/wp-content\/uploads\/logo\/logo.png","width":888,"height":151,"caption":"Gianna Giovannetti"},"image":{"@id":"https:\/\/touristguideofflorence.com\/fr\/#\/schema\/logo\/image\/"}}]}},"_links":{"self":[{"href":"https:\/\/touristguideofflorence.com\/fr\/wp-json\/wp\/v2\/pages\/3307","targetHints":{"allow":["GET"]}}],"collection":[{"href":"https:\/\/touristguideofflorence.com\/fr\/wp-json\/wp\/v2\/pages"}],"about":[{"href":"https:\/\/touristguideofflorence.com\/fr\/wp-json\/wp\/v2\/types\/page"}],"author":[{"embeddable":true,"href":"https:\/\/touristguideofflorence.com\/fr\/wp-json\/wp\/v2\/users\/1"}],"replies":[{"embeddable":true,"href":"https:\/\/touristguideofflorence.com\/fr\/wp-json\/wp\/v2\/comments?post=3307"}],"version-history":[{"count":6,"href":"https:\/\/touristguideofflorence.com\/fr\/wp-json\/wp\/v2\/pages\/3307\/revisions"}],"predecessor-version":[{"id":3427,"href":"https:\/\/touristguideofflorence.com\/fr\/wp-json\/wp\/v2\/pages\/3307\/revisions\/3427"}],"wp:featuredmedia":[{"embeddable":true,"href":"https:\/\/touristguideofflorence.com\/fr\/wp-json\/wp\/v2\/media\/2257"}],"wp:attachment":[{"href":"https:\/\/touristguideofflorence.com\/fr\/wp-json\/wp\/v2\/media?parent=3307"}],"wp:term":[{"taxonomy":"category","embeddable":true,"href":"https:\/\/touristguideofflorence.com\/fr\/wp-json\/wp\/v2\/categories?post=3307"},{"taxonomy":"post_tag","embeddable":true,"href":"https:\/\/touristguideofflorence.com\/fr\/wp-json\/wp\/v2\/tags?post=3307"}],"curies":[{"name":"wp","href":"https:\/\/api.w.org\/{rel}","templated":true}]}}