{"id":3394,"date":"2024-10-14T09:23:17","date_gmt":"2024-10-14T09:23:17","guid":{"rendered":"https:\/\/dev.touristguideofflorence.com\/home\/"},"modified":"2025-01-03T14:50:39","modified_gmt":"2025-01-03T14:50:39","slug":"home","status":"publish","type":"page","link":"https:\/\/touristguideofflorence.com\/fr\/","title":{"rendered":"Home"},"content":{"rendered":"","protected":false},"excerpt":{"rendered":"","protected":false},"author":1,"featured_media":0,"parent":0,"menu_order":13,"comment_status":"closed","ping_status":"closed","template":"","meta":{"_acf_changed":false,"footnotes":""},"categories":[],"tags":[],"class_list":["post-3394","page","type-page","status-publish","hentry"],"acf":[],"yoast_head":"<!-- This site is optimized with the Yoast SEO Premium plugin v23.6 (Yoast SEO v24.1) - https:\/\/yoast.com\/wordpress\/plugins\/seo\/ -->\n<title>Visites guid\u00e9es \u00e0 Florence - Guide touristique officiel. Visite guid\u00e9e des Uffizi, du Duomo, du Ponte Vecchio, des M\u00e9dicis.<\/title>\n<meta name=\"description\" content=\"Avec un guide touristique de Florence, visite guid\u00e9e des Uffizi, visites guid\u00e9es du centre historique, du Duomo, des M\u00e9dicis. Visites sur mesure pour les familles avec enfants.\" \/>\n<meta name=\"robots\" content=\"index, follow, max-snippet:-1, max-image-preview:large, max-video-preview:-1\" \/>\n<link rel=\"canonical\" href=\"https:\/\/touristguideofflorence.com\/fr\/\" \/>\n<meta property=\"og:locale\" content=\"fr_FR\" \/>\n<meta property=\"og:type\" content=\"article\" \/>\n<meta property=\"og:title\" content=\"Home\" \/>\n<meta property=\"og:description\" content=\"Avec un guide touristique de Florence, visite guid\u00e9e des Uffizi, visites guid\u00e9es du centre historique, du Duomo, des M\u00e9dicis. Visites sur mesure pour les familles avec enfants.\" \/>\n<meta property=\"og:url\" content=\"https:\/\/touristguideofflorence.com\/fr\/\" \/>\n<meta property=\"og:site_name\" content=\"Gianna Giovannetti\" \/>\n<meta property=\"article:modified_time\" content=\"2025-01-03T14:50:39+00:00\" \/>\n<meta name=\"twitter:card\" content=\"summary_large_image\" \/>\n<script type=\"application\/ld+json\" class=\"yoast-schema-graph\">{\"@context\":\"https:\/\/schema.org\",\"@graph\":[{\"@type\":\"WebPage\",\"@id\":\"https:\/\/touristguideofflorence.com\/fr\/\",\"url\":\"https:\/\/touristguideofflorence.com\/fr\/\",\"name\":\"Visites guid\u00e9es \u00e0 Florence - Guide touristique officiel. Visite guid\u00e9e des Uffizi, du Duomo, du Ponte Vecchio, des M\u00e9dicis.\",\"isPartOf\":{\"@id\":\"https:\/\/touristguideofflorence.com\/fr\/#website\"},\"datePublished\":\"2024-10-14T09:23:17+00:00\",\"dateModified\":\"2025-01-03T14:50:39+00:00\",\"description\":\"Avec un guide touristique de Florence, visite guid\u00e9e des Uffizi, visites guid\u00e9es du centre historique, du Duomo, des M\u00e9dicis. Visites sur mesure pour les familles avec enfants.\",\"breadcrumb\":{\"@id\":\"https:\/\/touristguideofflorence.com\/fr\/#breadcrumb\"},\"inLanguage\":\"fr-FR\",\"potentialAction\":[{\"@type\":\"ReadAction\",\"target\":[\"https:\/\/touristguideofflorence.com\/fr\/\"]}]},{\"@type\":\"BreadcrumbList\",\"@id\":\"https:\/\/touristguideofflorence.com\/fr\/#breadcrumb\",\"itemListElement\":[{\"@type\":\"ListItem\",\"position\":1,\"name\":\"Home\",\"item\":\"https:\/\/touristguideofflorence.com\/fr\/\"},{\"@type\":\"ListItem\",\"position\":2,\"name\":\"Home\"}]},{\"@type\":\"WebSite\",\"@id\":\"https:\/\/touristguideofflorence.com\/fr\/#website\",\"url\":\"https:\/\/touristguideofflorence.com\/fr\/\",\"name\":\"Gianna Giovannetti\",\"description\":\"\",\"publisher\":{\"@id\":\"https:\/\/touristguideofflorence.com\/fr\/#organization\"},\"potentialAction\":[{\"@type\":\"SearchAction\",\"target\":{\"@type\":\"EntryPoint\",\"urlTemplate\":\"https:\/\/touristguideofflorence.com\/fr\/?s={search_term_string}\"},\"query-input\":{\"@type\":\"PropertyValueSpecification\",\"valueRequired\":true,\"valueName\":\"search_term_string\"}}],\"inLanguage\":\"fr-FR\"},{\"@type\":\"Organization\",\"@id\":\"https:\/\/touristguideofflorence.com\/fr\/#organization\",\"name\":\"Gianna Giovannetti\",\"url\":\"https:\/\/touristguideofflorence.com\/fr\/\",\"logo\":{\"@type\":\"ImageObject\",\"inLanguage\":\"fr-FR\",\"@id\":\"https:\/\/touristguideofflorence.com\/fr\/#\/schema\/logo\/image\/\",\"url\":\"https:\/\/touristguideofflorence.com\/wp-content\/uploads\/logo\/logo.png\",\"contentUrl\":\"https:\/\/touristguideofflorence.com\/wp-content\/uploads\/logo\/logo.png\",\"width\":888,\"height\":151,\"caption\":\"Gianna Giovannetti\"},\"image\":{\"@id\":\"https:\/\/touristguideofflorence.com\/fr\/#\/schema\/logo\/image\/\"}}]}<\/script>\n<!-- \/ Yoast SEO Premium plugin. -->","yoast_head_json":{"title":"Visites guid\u00e9es \u00e0 Florence - Guide touristique officiel. Visite guid\u00e9e des Uffizi, du Duomo, du Ponte Vecchio, des M\u00e9dicis.","description":"Avec un guide touristique de Florence, visite guid\u00e9e des Uffizi, visites guid\u00e9es du centre historique, du Duomo, des M\u00e9dicis. Visites sur mesure pour les familles avec enfants.","robots":{"index":"index","follow":"follow","max-snippet":"max-snippet:-1","max-image-preview":"max-image-preview:large","max-video-preview":"max-video-preview:-1"},"canonical":"https:\/\/touristguideofflorence.com\/fr\/","og_locale":"fr_FR","og_type":"article","og_title":"Home","og_description":"Avec un guide touristique de Florence, visite guid\u00e9e des Uffizi, visites guid\u00e9es du centre historique, du Duomo, des M\u00e9dicis. Visites sur mesure pour les familles avec enfants.","og_url":"https:\/\/touristguideofflorence.com\/fr\/","og_site_name":"Gianna Giovannetti","article_modified_time":"2025-01-03T14:50:39+00:00","twitter_card":"summary_large_image","schema":{"@context":"https:\/\/schema.org","@graph":[{"@type":"WebPage","@id":"https:\/\/touristguideofflorence.com\/fr\/","url":"https:\/\/touristguideofflorence.com\/fr\/","name":"Visites guid\u00e9es \u00e0 Florence - Guide touristique officiel. Visite guid\u00e9e des Uffizi, du Duomo, du Ponte Vecchio, des M\u00e9dicis.","isPartOf":{"@id":"https:\/\/touristguideofflorence.com\/fr\/#website"},"datePublished":"2024-10-14T09:23:17+00:00","dateModified":"2025-01-03T14:50:39+00:00","description":"Avec un guide touristique de Florence, visite guid\u00e9e des Uffizi, visites guid\u00e9es du centre historique, du Duomo, des M\u00e9dicis. Visites sur mesure pour les familles avec enfants.","breadcrumb":{"@id":"https:\/\/touristguideofflorence.com\/fr\/#breadcrumb"},"inLanguage":"fr-FR","potentialAction":[{"@type":"ReadAction","target":["https:\/\/touristguideofflorence.com\/fr\/"]}]},{"@type":"BreadcrumbList","@id":"https:\/\/touristguideofflorence.com\/fr\/#breadcrumb","itemListElement":[{"@type":"ListItem","position":1,"name":"Home","item":"https:\/\/touristguideofflorence.com\/fr\/"},{"@type":"ListItem","position":2,"name":"Home"}]},{"@type":"WebSite","@id":"https:\/\/touristguideofflorence.com\/fr\/#website","url":"https:\/\/touristguideofflorence.com\/fr\/","name":"Gianna Giovannetti","description":"","publisher":{"@id":"https:\/\/touristguideofflorence.com\/fr\/#organization"},"potentialAction":[{"@type":"SearchAction","target":{"@type":"EntryPoint","urlTemplate":"https:\/\/touristguideofflorence.com\/fr\/?s={search_term_string}"},"query-input":{"@type":"PropertyValueSpecification","valueRequired":true,"valueName":"search_term_string"}}],"inLanguage":"fr-FR"},{"@type":"Organization","@id":"https:\/\/touristguideofflorence.com\/fr\/#organization","name":"Gianna Giovannetti","url":"https:\/\/touristguideofflorence.com\/fr\/","logo":{"@type":"ImageObject","inLanguage":"fr-FR","@id":"https:\/\/touristguideofflorence.com\/fr\/#\/schema\/logo\/image\/","url":"https:\/\/touristguideofflorence.com\/wp-content\/uploads\/logo\/logo.png","contentUrl":"https:\/\/touristguideofflorence.com\/wp-content\/uploads\/logo\/logo.png","width":888,"height":151,"caption":"Gianna Giovannetti"},"image":{"@id":"https:\/\/touristguideofflorence.com\/fr\/#\/schema\/logo\/image\/"}}]}},"_links":{"self":[{"href":"https:\/\/touristguideofflorence.com\/fr\/wp-json\/wp\/v2\/pages\/3394","targetHints":{"allow":["GET"]}}],"collection":[{"href":"https:\/\/touristguideofflorence.com\/fr\/wp-json\/wp\/v2\/pages"}],"about":[{"href":"https:\/\/touristguideofflorence.com\/fr\/wp-json\/wp\/v2\/types\/page"}],"author":[{"embeddable":true,"href":"https:\/\/touristguideofflorence.com\/fr\/wp-json\/wp\/v2\/users\/1"}],"replies":[{"embeddable":true,"href":"https:\/\/touristguideofflorence.com\/fr\/wp-json\/wp\/v2\/comments?post=3394"}],"version-history":[{"count":8,"href":"https:\/\/touristguideofflorence.com\/fr\/wp-json\/wp\/v2\/pages\/3394\/revisions"}],"predecessor-version":[{"id":3592,"href":"https:\/\/touristguideofflorence.com\/fr\/wp-json\/wp\/v2\/pages\/3394\/revisions\/3592"}],"wp:attachment":[{"href":"https:\/\/touristguideofflorence.com\/fr\/wp-json\/wp\/v2\/media?parent=3394"}],"wp:term":[{"taxonomy":"category","embeddable":true,"href":"https:\/\/touristguideofflorence.com\/fr\/wp-json\/wp\/v2\/categories?post=3394"},{"taxonomy":"post_tag","embeddable":true,"href":"https:\/\/touristguideofflorence.com\/fr\/wp-json\/wp\/v2\/tags?post=3394"}],"curies":[{"name":"wp","href":"https:\/\/api.w.org\/{rel}","templated":true}]}}